{"id":3,"date":"2023-02-08T06:59:08","date_gmt":"2023-02-08T06:59:08","guid":{"rendered":"http:\/\/xhanat.com.mx\/?page_id=3"},"modified":"2023-03-13T19:54:05","modified_gmt":"2023-03-13T19:54:05","slug":"aviso-de-privacidad","status":"publish","type":"page","link":"https:\/\/xhanat.com.mx\/index.php\/aviso-de-privacidad\/","title":{"rendered":"Aviso de privacidad"},"content":{"rendered":"\t\t<div data-elementor-type=\"wp-page\" data-elementor-id=\"3\" class=\"elementor elementor-3\">\n\t\t\t\t\t\t\t\t\t<section class=\"elementor-section elementor-top-section elementor-element elementor-element-6844d322 elementor-section-boxed elementor-section-height-default elementor-section-height-default\" data-id=\"6844d322\" data-element_type=\"section\">\n\t\t\t\t\t\t<div class=\"elementor-container elementor-column-gap-default\">\n\t\t\t\t\t<div class=\"elementor-column elementor-col-100 elementor-top-column elementor-element elementor-element-1b2819c6\" data-id=\"1b2819c6\" data-element_type=\"column\">\n\t\t\t<div class=\"elementor-widget-wrap elementor-element-populated\">\n\t\t\t\t\t\t\t\t<div class=\"elementor-element elementor-element-559b19ba elementor-widget elementor-widget-text-editor\" data-id=\"559b19ba\" data-element_type=\"widget\" data-widget_type=\"text-editor.default\">\n\t\t\t\t<div class=\"elementor-widget-container\">\n\t\t\t<style>\/*! elementor - v3.11.4 - 12-03-2023 *\/\n.elementor-widget-text-editor.elementor-drop-cap-view-stacked .elementor-drop-cap{background-color:#818a91;color:#fff}.elementor-widget-text-editor.elementor-drop-cap-view-framed .elementor-drop-cap{color:#818a91;border:3px solid;background-color:transparent}.elementor-widget-text-editor:not(.elementor-drop-cap-view-default) .elementor-drop-cap{margin-top:8px}.elementor-widget-text-editor:not(.elementor-drop-cap-view-default) .elementor-drop-cap-letter{width:1em;height:1em}.elementor-widget-text-editor .elementor-drop-cap{float:left;text-align:center;line-height:1;font-size:50px}.elementor-widget-text-editor .elementor-drop-cap-letter{display:inline-block}<\/style>\t\t\t\t<!-- wp:heading -->\n<h6><strong><span style=\"font-size: 16px;\">Pol\u00edtica de Privacidad y Protecci\u00f3n de Datos Personales<\/span><\/strong><\/h6>\n<div>\n<p>El sitio web <span style=\"text-decoration: underline;\">xhanat.com.mx<\/span> est\u00e1 comprometido con la protecci\u00f3n de la privacidad y los datos personales de sus usuarios. A trav\u00e9s de esta pol\u00edtica, se describe c\u00f3mo se recopila, utiliza y protege la informaci\u00f3n personal que se recolecta en este sitio.<\/p>\n<p>Informaci\u00f3n que se recolecta<\/p>\n<p>El sitio web recolecta informaci\u00f3n personal que los usuarios proporcionan voluntariamente, como nombres, correos electr\u00f3nicos, n\u00fameros de tel\u00e9fono, direcciones de facturaci\u00f3n, entre otros. Esta informaci\u00f3n se utiliza para procesar transacciones, comunicar informaci\u00f3n sobre productos y servicios, y personalizar la experiencia del usuario.<\/p>\n<p>Uso de la informaci\u00f3n<\/p>\n<p>La informaci\u00f3n personal recolectada por el sitio web se utiliza exclusivamente para los fines mencionados anteriormente. El sitio web se compromete a no compartir, vender, arrendar o distribuir la informaci\u00f3n personal de los usuarios sin su consentimiento.<\/p>\n<p>Divulgaci\u00f3n de informaci\u00f3n<\/p>\n<p>El sitio web no divulgar\u00e1 informaci\u00f3n personal a terceros, a menos que se requiera por ley o por un proceso legal. En caso de que el sitio web tenga que compartir informaci\u00f3n personal con terceros, se notificar\u00e1 al usuario de dicha divulgaci\u00f3n.<\/p>\n<p>Seguridad de la informaci\u00f3n<\/p>\n<p>El sitio web se compromete a proteger la informaci\u00f3n personal de sus usuarios mediante el uso de medidas de seguridad t\u00e9cnicas y organizativas adecuadas para evitar la p\u00e9rdida, el mal uso o la alteraci\u00f3n de la informaci\u00f3n personal recolectada.<\/p>\n<p>Modificaciones a la pol\u00edtica<\/p>\n<p>El sitio web se reserva el derecho de modificar esta pol\u00edtica en cualquier momento. Cualquier cambio se notificar\u00e1 a los usuarios mediante la publicaci\u00f3n de una versi\u00f3n actualizada de la pol\u00edtica de privacidad en el sitio web.<\/p>\n<p>Al utilizar este sitio web, el usuario acepta los t\u00e9rminos y condiciones de esta pol\u00edtica de privacidad y protecci\u00f3n de datos personales.<\/p>\n<\/div>\n<!-- \/wp:paragraph -->\t\t\t\t\t\t<\/div>\n\t\t\t\t<\/div>\n\t\t\t\t\t<\/div>\n\t\t<\/div>\n\t\t\t\t\t\t\t<\/div>\n\t\t<\/section>\n\t\t\t\t\t\t\t<\/div>\n\t\t","protected":false},"excerpt":{"rendered":"<p>Pol\u00edtica de Privacidad y Protecci\u00f3n de Datos Personales El sitio web xhanat.com.mx est\u00e1 comprometido con la protecci\u00f3n de la privacidad y los datos personales de sus usuarios. A trav\u00e9s de esta pol\u00edtica, se describe c\u00f3mo se recopila, utiliza y protege la informaci\u00f3n personal que se recolecta en este sitio. Informaci\u00f3n que se recolecta El sitio &hellip;<\/p>\n<p class=\"read-more\"> <a class=\"\" href=\"https:\/\/xhanat.com.mx\/index.php\/aviso-de-privacidad\/\"> <span class=\"screen-reader-text\">Aviso de privacidad<\/span> Read More &raquo;<\/a><\/p>\n","protected":false},"author":1,"featured_media":0,"parent":0,"menu_order":0,"comment_status":"closed","ping_status":"closed","template":"","meta":{"site-sidebar-layout":"default","site-content-layout":"default","ast-global-header-display":"","ast-main-header-display":"","ast-hfb-above-header-display":"","ast-hfb-below-header-display":"","ast-hfb-mobile-header-display":"","site-post-title":"disabled","ast-breadcrumbs-content":"","ast-featured-img":"","footer-sml-layout":"","theme-transparent-header-meta":"","adv-header-id-meta":"","stick-header-meta":"","header-above-stick-meta":"","header-main-stick-meta":"","header-below-stick-meta":""},"_links":{"self":[{"href":"https:\/\/xhanat.com.mx\/index.php\/wp-json\/wp\/v2\/pages\/3"}],"collection":[{"href":"https:\/\/xhanat.com.mx\/index.php\/wp-json\/wp\/v2\/pages"}],"about":[{"href":"https:\/\/xhanat.com.mx\/index.php\/wp-json\/wp\/v2\/types\/page"}],"author":[{"embeddable":true,"href":"https:\/\/xhanat.com.mx\/index.php\/wp-json\/wp\/v2\/users\/1"}],"replies":[{"embeddable":true,"href":"https:\/\/xhanat.com.mx\/index.php\/wp-json\/wp\/v2\/comments?post=3"}],"version-history":[{"count":11,"href":"https:\/\/xhanat.com.mx\/index.php\/wp-json\/wp\/v2\/pages\/3\/revisions"}],"predecessor-version":[{"id":170,"href":"https:\/\/xhanat.com.mx\/index.php\/wp-json\/wp\/v2\/pages\/3\/revisions\/170"}],"wp:attachment":[{"href":"https:\/\/xhanat.com.mx\/index.php\/wp-json\/wp\/v2\/media?parent=3"}],"curies":[{"name":"wp","href":"https:\/\/api.w.org\/{rel}","templated":true}]}}